{"id":364,"date":"2024-09-12T11:16:47","date_gmt":"2024-09-12T11:16:47","guid":{"rendered":"https:\/\/evolvetoweb.com\/?page_id=364"},"modified":"2025-07-22T10:16:04","modified_gmt":"2025-07-22T09:16:04","slug":"blog","status":"publish","type":"page","link":"https:\/\/evolvetoweb.com\/en\/blog\/","title":{"rendered":"Blog"},"content":{"rendered":"<p>[et_pb_section fb_built=&#8221;1&#8243; _builder_version=&#8221;4.27.4&#8243; _module_preset=&#8221;default&#8221; background_color=&#8221;#283D4E&#8221; custom_padding=&#8221;0px||||false|false&#8221; locked=&#8221;off&#8221; global_colors_info=&#8221;{}&#8221;][et_pb_row column_structure=&#8221;3_5,2_5&#8243; _builder_version=&#8221;4.27.4&#8243; _module_preset=&#8221;default&#8221; width=&#8221;90%&#8221; custom_padding=&#8221;||0px||false|false&#8221; global_colors_info=&#8221;{}&#8221;][et_pb_column type=&#8221;3_5&#8243; _builder_version=&#8221;4.27.4&#8243; _module_preset=&#8221;default&#8221; global_colors_info=&#8221;{}&#8221;][et_pb_heading title=&#8221;Blog&#8221; _builder_version=&#8221;4.27.4&#8243; _module_preset=&#8221;default&#8221; title_font=&#8221;&#8211;et_global_heading_font|&#8211;et_global_heading_font_weight||on|||||&#8221; title_text_align=&#8221;center&#8221; title_text_color=&#8221;#F6F6F6&#8243; title_font_size=&#8221;100px&#8221; title_letter_spacing=&#8221;5px&#8221; title_line_height=&#8221;1.5em&#8221; title_font_size_tablet=&#8221;42px&#8221; title_font_size_phone=&#8221;36px&#8221; title_font_size_last_edited=&#8221;on|phone&#8221; title_text_shadow_style=&#8221;preset3&#8243; title_text_shadow_blur_strength=&#8221;0.15em&#8221; title_text_shadow_color=&#8221;#43798B&#8221; global_colors_info=&#8221;{}&#8221;][\/et_pb_heading][et_pb_text _builder_version=&#8221;4.27.4&#8243; _module_preset=&#8221;default&#8221; text_text_color=&#8221;#F6F6F6&#8243; header_2_font=&#8221;&#8211;et_global_body_font|&#8211;et_global_body_font_weight|||||||&#8221; header_2_text_align=&#8221;left&#8221; header_2_text_color=&#8221;#F6F6F6&#8243; header_2_font_size=&#8221;28px&#8221; header_2_letter_spacing=&#8221;1px&#8221; header_2_line_height=&#8221;1.5em&#8221; header_2_text_align_tablet=&#8221;center&#8221; header_2_text_align_phone=&#8221;center&#8221; header_2_text_align_last_edited=&#8221;on|phone&#8221; header_2_font_size_tablet=&#8221;28px&#8221; header_2_font_size_phone=&#8221;20px&#8221; header_2_font_size_last_edited=&#8221;on|phone&#8221; text_orientation_tablet=&#8221;center&#8221; text_orientation_phone=&#8221;center&#8221; text_orientation_last_edited=&#8221;on|tablet&#8221; global_colors_info=&#8221;{}&#8221;]<\/p>\n<h2>K\u00f6vesd a blogot, hogy megismerj olyan technik\u00e1kat \u00e9s strat\u00e9gi\u00e1kat, amelyekkel a legt\u00f6bbet hozhatod ki weboldaladb\u00f3l!<\/h2>\n<p>&nbsp;<\/p>\n<p>A blog oldalamon szeretn\u00e9m megosztani a weboldalk\u00e9sz\u00edt\u00e9s vil\u00e1g\u00e1val kapcsolatos fontosabb inform\u00e1ci\u00f3kat, bev\u00e1lt gyakorlatokat \u00e9s szakmai tan\u00e1csokat, amelyek seg\u00edthetnek neked abban, hogy weboldalad ne csak j\u00f3l n\u00e9zzen ki, hanem val\u00f3di eredm\u00e9nyeket is hozzon. C\u00e9lom, hogy eligazodj a webfejleszt\u00e9s \u00f6sszetett vil\u00e1g\u00e1ban, legyen sz\u00f3 ak\u00e1r a kezdeti l\u00e9p\u00e9sekr\u0151l, ak\u00e1r a halad\u00f3 technik\u00e1kr\u00f3l, amelyekkel jav\u00edthatod a weboldalad felhaszn\u00e1l\u00f3i \u00e9lm\u00e9ny\u00e9t \u00e9s technikai teljes\u00edtm\u00e9ny\u00e9t.<\/p>\n<p>&nbsp;<\/p>\n<p>[\/et_pb_text][\/et_pb_column][et_pb_column type=&#8221;2_5&#8243; _builder_version=&#8221;4.27.4&#8243; _module_preset=&#8221;default&#8221; custom_padding=&#8221;50px||||false|false&#8221; global_colors_info=&#8221;{}&#8221;][et_pb_post_slider posts_number=&#8221;3&#8243; include_categories=&#8221;8,9&#8243; show_arrows=&#8221;off&#8221; show_meta=&#8221;off&#8221; bg_overlay_color=&#8221;rgba(246,246,246,0.8)&#8221; arrows_custom_color=&#8221;#283D4E&#8221; dot_nav_custom_color=&#8221;#283D4E&#8221; _builder_version=&#8221;4.27.4&#8243; _module_preset=&#8221;default&#8221; header_font=&#8221;&#8211;et_global_heading_font|&#8211;et_global_heading_font_weight|||||||&#8221; header_text_color=&#8221;#283D4E&#8221; body_font=&#8221;&#8211;et_global_body_font|&#8211;et_global_body_font_weight|||||||&#8221; body_text_color=&#8221;#283D4E&#8221; background_enable_color=&#8221;off&#8221; custom_button=&#8221;on&#8221; button_font=&#8221;&#8211;et_global_heading_font|&#8211;et_global_heading_font_weight|||||||&#8221; button_use_icon=&#8221;off&#8221; background_layout=&#8221;light&#8221; custom_padding=&#8221;||||false|false&#8221; hover_enabled=&#8221;0&#8243; border_radii=&#8221;on|15px|15px|15px|15px&#8221; border_radii_image=&#8221;on|10px|10px|10px|10px&#8221; box_shadow_style_image=&#8221;preset3&#8243; box_shadow_style_button=&#8221;preset3&#8243; global_colors_info=&#8221;{}&#8221; body_font_size=&#8221;17px&#8221; sticky_enabled=&#8221;0&#8243;][\/et_pb_post_slider][\/et_pb_column][\/et_pb_row][\/et_pb_section][et_pb_section fb_built=&#8221;1&#8243; _builder_version=&#8221;4.27.4&#8243; _module_preset=&#8221;default&#8221; custom_padding=&#8221;100px||100px||false|false&#8221; locked=&#8221;off&#8221; global_colors_info=&#8221;{}&#8221;][et_pb_row _builder_version=&#8221;4.27.4&#8243; _module_preset=&#8221;default&#8221; width=&#8221;90%&#8221; custom_padding=&#8221;||||false|false&#8221; global_colors_info=&#8221;{}&#8221;][et_pb_column type=&#8221;4_4&#8243; _builder_version=&#8221;4.27.4&#8243; _module_preset=&#8221;default&#8221; global_colors_info=&#8221;{}&#8221;][dipi_filterable_grid select_custom_tax=&#8221;category&#8221; include_term_ids_of_category=&#8221;8,9&#8243; pagination_type=&#8221;numbered_pagination&#8221; prev_btn_text=&#8221;El\u0151z\u0151&#8221; next_btn_text=&#8221;K\u00f6vetkez\u0151&#8221; filter_tab_alignment=&#8221;center&#8221; show_all_filter=&#8221;off&#8221; hide_description=&#8221;on&#8221; grid_layout=&#8221;grid&#8221; columns=&#8221;3&#8243; gutter=&#8221;20&#8243; grid_animation=&#8221;fadeIn&#8221; image_animation=&#8221;zoom-in&#8221; show_post_title=&#8221;on&#8221; show_post_excerpt=&#8221;on&#8221; excerpt_length=&#8221;250&#8243; show_date=&#8221;on&#8221; meta_date=&#8221;Y. M. d.&#8221; read_more=&#8221;on&#8221; read_more_text=&#8221;B\u0151vebben&#8221; show_lightbox=&#8221;off&#8221; pagination_active_btn_bg_color=&#8221;#43798B&#8221; filter_bar_item_padding=&#8221;10px|10px|10px|10px|false|false&#8221; filter_bar_item_padding_active=&#8221;10px|10px|10px|10px|false|false&#8221; filter_bar_item_background_color=&#8221;#F6F6F6&#8243; filter_bar_item_background_color_active=&#8221;#43798B&#8221; grid_margin=&#8221;50px||||false|false&#8221; grid_item_background_color=&#8221;#F6F6F6&#8243; grid_item_meta_padding=&#8221;10px|20px|10px|20px|false|false&#8221; columns_tablet=&#8221;2&#8243; columns_phone=&#8221;1&#8243; columns_last_edited=&#8221;on|desktop&#8221; _builder_version=&#8221;4.27.4&#8243; _module_preset=&#8221;default&#8221; meta_text_color=&#8221;#43798B&#8221; pagination_btn_active_text_color=&#8221;#F6F6F6&#8243; filter_bar_normal_font=&#8221;&#8211;et_global_heading_font|&#8211;et_global_heading_font_weight|||||||&#8221; filter_bar_normal_text_color=&#8221;#283D4E&#8221; filter_bar_active_font=&#8221;&#8211;et_global_heading_font|&#8211;et_global_heading_font_weight|||||||&#8221; filter_bar_active_text_color=&#8221;#F6F6F6&#8243; grid_item_title_text_align=&#8221;center&#8221; grid_item_excerpt_text_align=&#8221;center&#8221; background_enable_color=&#8221;off&#8221; custom_read_more=&#8221;on&#8221; read_more_use_icon=&#8221;off&#8221; read_more_alignment=&#8221;center&#8221; read_more_custom_margin=&#8221;||30px||false|false&#8221; hover_enabled=&#8221;0&#8243; border_radii_pagination_btn_normal=&#8221;on|10px|10px|10px|10px&#8221; border_radii_filter_bar_item=&#8221;on|10px|10px|10px|10px&#8221; border_radii_filter_bar_item_active=&#8221;on|10px|10px|10px|10px&#8221; border_radii_grid_item=&#8221;on|10px|10px|10px|10px&#8221; border_width_all_grid_item=&#8221;10px&#8221; border_color_all_grid_item=&#8221;#F6F6F6&#8243; box_shadow_style_pagination_normal=&#8221;preset3&#8243; box_shadow_style_pagination_btn_active=&#8221;preset3&#8243; box_shadow_style_filter_bar_item=&#8221;preset3&#8243; box_shadow_style_filter_bar_item_active=&#8221;preset3&#8243; box_shadow_style_images=&#8221;preset3&#8243; box_shadow_style_read_more=&#8221;preset3&#8243; global_colors_info=&#8221;{}&#8221; link_text_color=&#8221;#F6F6F6&#8243; grid_item_title_text_color=&#8221;#283D4E&#8221; grid_item_title_font=&#8221;&#8211;et_global_heading_font|&#8211;et_global_heading_font_weight|||||||&#8221; grid_item_excerpt_text_color=&#8221;#283D4E&#8221; sticky_enabled=&#8221;0&#8243; grid_padding=&#8221;|0px|0px|0px|false|false&#8221;][\/dipi_filterable_grid][\/et_pb_column][\/et_pb_row][\/et_pb_section]<\/p>\n","protected":false},"excerpt":{"rendered":"<p>On my blog site I publish posts that provide important information about the world of website development.<\/p>","protected":false},"author":1,"featured_media":4484,"parent":0,"menu_order":0,"comment_status":"closed","ping_status":"closed","template":"","meta":{"_et_pb_use_builder":"on","_et_pb_old_content":"","_et_gb_content_width":"","footnotes":""},"dipi_cpt_category":[],"class_list":["post-364","page","type-page","status-publish","has-post-thumbnail","hentry"],"yoast_head":"<!-- This site is optimized with the Yoast SEO Premium plugin v26.2 (Yoast SEO v27.4) - https:\/\/yoast.com\/product\/yoast-seo-premium-wordpress\/ -->\n<title>Blog | Evolve To Web<\/title>\n<meta name=\"description\" content=\"Blog oldalamon olyan bejegyz\u00e9seket teszek k\u00f6zz\u00e9, amelyek fontos inform\u00e1ci\u00f3kat ny\u00fajtanak a weboldalak fejleszt\u00e9s\u00e9nek vil\u00e1g\u00e1r\u00f3l.\" \/>\n<meta name=\"robots\" content=\"index, follow, max-snippet:-1, max-image-preview:large, max-video-preview:-1\" \/>\n<link rel=\"canonical\" href=\"https:\/\/evolvetoweb.com\/en\/blog\/\" \/>\n<meta property=\"og:locale\" content=\"en_GB\" \/>\n<meta property=\"og:type\" content=\"article\" \/>\n<meta property=\"og:title\" content=\"Evolve To Web\" \/>\n<meta property=\"og:description\" content=\"Blog oldalamon olyan bejegyz\u00e9seket teszek k\u00f6zz\u00e9, amelyek fontos inform\u00e1ci\u00f3kat ny\u00fajtanak a weboldalak fejleszt\u00e9s\u00e9nek vil\u00e1g\u00e1r\u00f3l.\" \/>\n<meta property=\"og:url\" content=\"https:\/\/evolvetoweb.com\/en\/blog\/\" \/>\n<meta property=\"og:site_name\" content=\"Evolve To Web\" \/>\n<meta property=\"article:publisher\" content=\"https:\/\/www.facebook.com\/evolvetoweb\" \/>\n<meta property=\"article:modified_time\" content=\"2025-07-22T09:16:04+00:00\" \/>\n<meta property=\"og:image\" content=\"https:\/\/evolvetoweb.com\/wp-content\/uploads\/2025\/03\/Evolve_To_Web_szoveges_logo_negyzetes.webp\" \/>\n\t<meta property=\"og:image:width\" content=\"1920\" \/>\n\t<meta property=\"og:image:height\" content=\"1920\" \/>\n\t<meta property=\"og:image:type\" content=\"image\/webp\" \/>\n<meta name=\"twitter:card\" content=\"summary_large_image\" \/>\n<meta name=\"twitter:site\" content=\"@evolvetoweb\" \/>\n<script type=\"application\/ld+json\" class=\"yoast-schema-graph\">{\"@context\":\"https:\\\/\\\/schema.org\",\"@graph\":[{\"@type\":[\"Article\",\"BlogPosting\"],\"@id\":\"https:\\\/\\\/evolvetoweb.com\\\/blog\\\/#article\",\"isPartOf\":{\"@id\":\"https:\\\/\\\/evolvetoweb.com\\\/blog\\\/\"},\"author\":{\"name\":\"Ol\u00e1h Tam\u00e1s\",\"@id\":\"https:\\\/\\\/evolvetoweb.com\\\/#\\\/schema\\\/person\\\/ff1b3f0498e27ce5125ad8a994c904f5\"},\"headline\":\"Blog\",\"datePublished\":\"2024-09-12T11:16:47+00:00\",\"dateModified\":\"2025-07-22T09:16:04+00:00\",\"mainEntityOfPage\":{\"@id\":\"https:\\\/\\\/evolvetoweb.com\\\/blog\\\/\"},\"wordCount\":964,\"publisher\":{\"@id\":\"https:\\\/\\\/evolvetoweb.com\\\/#organization\"},\"image\":{\"@id\":\"https:\\\/\\\/evolvetoweb.com\\\/blog\\\/#primaryimage\"},\"thumbnailUrl\":\"https:\\\/\\\/evolvetoweb.com\\\/wp-content\\\/uploads\\\/2025\\\/03\\\/Evolve_To_Web_szoveges_logo_negyzetes.webp\",\"inLanguage\":\"en-GB\"},{\"@type\":\"WebPage\",\"@id\":\"https:\\\/\\\/evolvetoweb.com\\\/blog\\\/\",\"url\":\"https:\\\/\\\/evolvetoweb.com\\\/blog\\\/\",\"name\":\"Blog | Evolve To Web\",\"isPartOf\":{\"@id\":\"https:\\\/\\\/evolvetoweb.com\\\/#website\"},\"primaryImageOfPage\":{\"@id\":\"https:\\\/\\\/evolvetoweb.com\\\/blog\\\/#primaryimage\"},\"image\":{\"@id\":\"https:\\\/\\\/evolvetoweb.com\\\/blog\\\/#primaryimage\"},\"thumbnailUrl\":\"https:\\\/\\\/evolvetoweb.com\\\/wp-content\\\/uploads\\\/2025\\\/03\\\/Evolve_To_Web_szoveges_logo_negyzetes.webp\",\"datePublished\":\"2024-09-12T11:16:47+00:00\",\"dateModified\":\"2025-07-22T09:16:04+00:00\",\"description\":\"Blog oldalamon olyan bejegyz\u00e9seket teszek k\u00f6zz\u00e9, amelyek fontos inform\u00e1ci\u00f3kat ny\u00fajtanak a weboldalak fejleszt\u00e9s\u00e9nek vil\u00e1g\u00e1r\u00f3l.\",\"breadcrumb\":{\"@id\":\"https:\\\/\\\/evolvetoweb.com\\\/blog\\\/#breadcrumb\"},\"inLanguage\":\"en-GB\",\"potentialAction\":[{\"@type\":\"ReadAction\",\"target\":[\"https:\\\/\\\/evolvetoweb.com\\\/blog\\\/\"]}]},{\"@type\":\"ImageObject\",\"inLanguage\":\"en-GB\",\"@id\":\"https:\\\/\\\/evolvetoweb.com\\\/blog\\\/#primaryimage\",\"url\":\"https:\\\/\\\/evolvetoweb.com\\\/wp-content\\\/uploads\\\/2025\\\/03\\\/Evolve_To_Web_szoveges_logo_negyzetes.webp\",\"contentUrl\":\"https:\\\/\\\/evolvetoweb.com\\\/wp-content\\\/uploads\\\/2025\\\/03\\\/Evolve_To_Web_szoveges_logo_negyzetes.webp\",\"width\":1920,\"height\":1920,\"caption\":\"Evolve To Web - Weboldalk\u00e9sz\u00edt\u00e9s- karbantart\u00e1s, \u00e9s \u00fczemeltet\u00e9s; keres\u0151optimaliz\u00e1l\u00e1si (SEO) \u00e9s analitikai szolg\u00e1ltat\u00e1sok. Sz\u00f6veges Logo\"},{\"@type\":\"BreadcrumbList\",\"@id\":\"https:\\\/\\\/evolvetoweb.com\\\/blog\\\/#breadcrumb\",\"itemListElement\":[{\"@type\":\"ListItem\",\"position\":1,\"name\":\"weboldalk\u00e9sz\u00edt\u00e9s\",\"item\":\"https:\\\/\\\/evolvetoweb.com\\\/\"},{\"@type\":\"ListItem\",\"position\":2,\"name\":\"Blog\"}]},{\"@type\":\"WebSite\",\"@id\":\"https:\\\/\\\/evolvetoweb.com\\\/#website\",\"url\":\"https:\\\/\\\/evolvetoweb.com\\\/\",\"name\":\"Evolve To Web\",\"description\":\"Weboldalk\u00e9sz\u00edt\u00e9s, webdesign, SEO, analitika\",\"publisher\":{\"@id\":\"https:\\\/\\\/evolvetoweb.com\\\/#organization\"},\"potentialAction\":[{\"@type\":\"SearchAction\",\"target\":{\"@type\":\"EntryPoint\",\"urlTemplate\":\"https:\\\/\\\/evolvetoweb.com\\\/?s={search_term_string}\"},\"query-input\":{\"@type\":\"PropertyValueSpecification\",\"valueRequired\":true,\"valueName\":\"search_term_string\"}}],\"inLanguage\":\"en-GB\"},{\"@type\":\"Organization\",\"@id\":\"https:\\\/\\\/evolvetoweb.com\\\/#organization\",\"name\":\"Evolve To Web\",\"url\":\"https:\\\/\\\/evolvetoweb.com\\\/\",\"logo\":{\"@type\":\"ImageObject\",\"inLanguage\":\"en-GB\",\"@id\":\"https:\\\/\\\/evolvetoweb.com\\\/#\\\/schema\\\/logo\\\/image\\\/\",\"url\":\"https:\\\/\\\/evolvetoweb.com\\\/wp-content\\\/uploads\\\/2025\\\/03\\\/Evolve-To-Web-logo_hatterrel_512px.webp\",\"contentUrl\":\"https:\\\/\\\/evolvetoweb.com\\\/wp-content\\\/uploads\\\/2025\\\/03\\\/Evolve-To-Web-logo_hatterrel_512px.webp\",\"width\":512,\"height\":512,\"caption\":\"Evolve To Web\"},\"image\":{\"@id\":\"https:\\\/\\\/evolvetoweb.com\\\/#\\\/schema\\\/logo\\\/image\\\/\"},\"sameAs\":[\"https:\\\/\\\/www.facebook.com\\\/evolvetoweb\",\"https:\\\/\\\/x.com\\\/evolvetoweb\",\"https:\\\/\\\/www.instagram.com\\\/evolvetoweb\\\/\",\"https:\\\/\\\/hu.pinterest.com\\\/evolvetoweb\\\/\"],\"description\":\"Az Evolve To Web \u00e1tfog\u00f3 megold\u00e1sokat k\u00edn\u00e1l weboldalk\u00e9sz\u00edt\u00e9s, karbantart\u00e1s, \u00fczemeltet\u00e9s, keres\u0151optimaliz\u00e1l\u00e1s (SEO), analitika \u00e9s webdesign ter\u00e9n. \ud83c\udf10 Mert egy weboldal t\u00f6bb lehet\u0151s\u00e9get nyit meg, mint gondoln\u00e1d!\",\"publishingPrinciples\":\"https:\\\/\\\/evolvetoweb.com\\\/\"},{\"@type\":\"Person\",\"@id\":\"https:\\\/\\\/evolvetoweb.com\\\/#\\\/schema\\\/person\\\/ff1b3f0498e27ce5125ad8a994c904f5\",\"name\":\"Ol\u00e1h Tam\u00e1s\",\"image\":{\"@type\":\"ImageObject\",\"inLanguage\":\"en-GB\",\"@id\":\"https:\\\/\\\/secure.gravatar.com\\\/avatar\\\/e7b6cbf22cb2bfdb37dbf85e4221ea462a6f012681010e50fdfad5fa5a618b24?s=96&d=mm&r=g\",\"url\":\"https:\\\/\\\/secure.gravatar.com\\\/avatar\\\/e7b6cbf22cb2bfdb37dbf85e4221ea462a6f012681010e50fdfad5fa5a618b24?s=96&d=mm&r=g\",\"contentUrl\":\"https:\\\/\\\/secure.gravatar.com\\\/avatar\\\/e7b6cbf22cb2bfdb37dbf85e4221ea462a6f012681010e50fdfad5fa5a618b24?s=96&d=mm&r=g\",\"caption\":\"Ol\u00e1h Tam\u00e1s\"},\"sameAs\":[\"https:\\\/\\\/evolvetoweb.com\"],\"gender\":\"f\u00e9rfi\",\"knowsLanguage\":[\"angol\",\"magyar\"],\"url\":\"https:\\\/\\\/evolvetoweb.com\\\/en\\\/blog\\\/author\\\/olahtamas\\\/\"}]}<\/script>\n<!-- \/ Yoast SEO Premium plugin. -->","yoast_head_json":{"title":"Blog | Evolve To Web","description":"On my blog site I publish posts that provide important information about the world of website development.","robots":{"index":"index","follow":"follow","max-snippet":"max-snippet:-1","max-image-preview":"max-image-preview:large","max-video-preview":"max-video-preview:-1"},"canonical":"https:\/\/evolvetoweb.com\/en\/blog\/","og_locale":"en_GB","og_type":"article","og_title":"Evolve To Web","og_description":"Blog oldalamon olyan bejegyz\u00e9seket teszek k\u00f6zz\u00e9, amelyek fontos inform\u00e1ci\u00f3kat ny\u00fajtanak a weboldalak fejleszt\u00e9s\u00e9nek vil\u00e1g\u00e1r\u00f3l.","og_url":"https:\/\/evolvetoweb.com\/en\/blog\/","og_site_name":"Evolve To Web","article_publisher":"https:\/\/www.facebook.com\/evolvetoweb","article_modified_time":"2025-07-22T09:16:04+00:00","og_image":[{"width":1920,"height":1920,"url":"https:\/\/evolvetoweb.com\/wp-content\/uploads\/2025\/03\/Evolve_To_Web_szoveges_logo_negyzetes.webp","type":"image\/webp"}],"twitter_card":"summary_large_image","twitter_site":"@evolvetoweb","schema":{"@context":"https:\/\/schema.org","@graph":[{"@type":["Article","BlogPosting"],"@id":"https:\/\/evolvetoweb.com\/blog\/#article","isPartOf":{"@id":"https:\/\/evolvetoweb.com\/blog\/"},"author":{"name":"Ol\u00e1h Tam\u00e1s","@id":"https:\/\/evolvetoweb.com\/#\/schema\/person\/ff1b3f0498e27ce5125ad8a994c904f5"},"headline":"Blog","datePublished":"2024-09-12T11:16:47+00:00","dateModified":"2025-07-22T09:16:04+00:00","mainEntityOfPage":{"@id":"https:\/\/evolvetoweb.com\/blog\/"},"wordCount":964,"publisher":{"@id":"https:\/\/evolvetoweb.com\/#organization"},"image":{"@id":"https:\/\/evolvetoweb.com\/blog\/#primaryimage"},"thumbnailUrl":"https:\/\/evolvetoweb.com\/wp-content\/uploads\/2025\/03\/Evolve_To_Web_szoveges_logo_negyzetes.webp","inLanguage":"en-GB"},{"@type":"WebPage","@id":"https:\/\/evolvetoweb.com\/blog\/","url":"https:\/\/evolvetoweb.com\/blog\/","name":"Blog | Evolve To Web","isPartOf":{"@id":"https:\/\/evolvetoweb.com\/#website"},"primaryImageOfPage":{"@id":"https:\/\/evolvetoweb.com\/blog\/#primaryimage"},"image":{"@id":"https:\/\/evolvetoweb.com\/blog\/#primaryimage"},"thumbnailUrl":"https:\/\/evolvetoweb.com\/wp-content\/uploads\/2025\/03\/Evolve_To_Web_szoveges_logo_negyzetes.webp","datePublished":"2024-09-12T11:16:47+00:00","dateModified":"2025-07-22T09:16:04+00:00","description":"On my blog site I publish posts that provide important information about the world of website development.","breadcrumb":{"@id":"https:\/\/evolvetoweb.com\/blog\/#breadcrumb"},"inLanguage":"en-GB","potentialAction":[{"@type":"ReadAction","target":["https:\/\/evolvetoweb.com\/blog\/"]}]},{"@type":"ImageObject","inLanguage":"en-GB","@id":"https:\/\/evolvetoweb.com\/blog\/#primaryimage","url":"https:\/\/evolvetoweb.com\/wp-content\/uploads\/2025\/03\/Evolve_To_Web_szoveges_logo_negyzetes.webp","contentUrl":"https:\/\/evolvetoweb.com\/wp-content\/uploads\/2025\/03\/Evolve_To_Web_szoveges_logo_negyzetes.webp","width":1920,"height":1920,"caption":"Evolve To Web - Weboldalk\u00e9sz\u00edt\u00e9s- karbantart\u00e1s, \u00e9s \u00fczemeltet\u00e9s; keres\u0151optimaliz\u00e1l\u00e1si (SEO) \u00e9s analitikai szolg\u00e1ltat\u00e1sok. Sz\u00f6veges Logo"},{"@type":"BreadcrumbList","@id":"https:\/\/evolvetoweb.com\/blog\/#breadcrumb","itemListElement":[{"@type":"ListItem","position":1,"name":"weboldalk\u00e9sz\u00edt\u00e9s","item":"https:\/\/evolvetoweb.com\/"},{"@type":"ListItem","position":2,"name":"Blog"}]},{"@type":"WebSite","@id":"https:\/\/evolvetoweb.com\/#website","url":"https:\/\/evolvetoweb.com\/","name":"Evolve To Web","description":"Website development, web design, SEO, analytics","publisher":{"@id":"https:\/\/evolvetoweb.com\/#organization"},"potentialAction":[{"@type":"SearchAction","target":{"@type":"EntryPoint","urlTemplate":"https:\/\/evolvetoweb.com\/?s={search_term_string}"},"query-input":{"@type":"PropertyValueSpecification","valueRequired":true,"valueName":"search_term_string"}}],"inLanguage":"en-GB"},{"@type":"Organization","@id":"https:\/\/evolvetoweb.com\/#organization","name":"Evolve To Web","url":"https:\/\/evolvetoweb.com\/","logo":{"@type":"ImageObject","inLanguage":"en-GB","@id":"https:\/\/evolvetoweb.com\/#\/schema\/logo\/image\/","url":"https:\/\/evolvetoweb.com\/wp-content\/uploads\/2025\/03\/Evolve-To-Web-logo_hatterrel_512px.webp","contentUrl":"https:\/\/evolvetoweb.com\/wp-content\/uploads\/2025\/03\/Evolve-To-Web-logo_hatterrel_512px.webp","width":512,"height":512,"caption":"Evolve To Web"},"image":{"@id":"https:\/\/evolvetoweb.com\/#\/schema\/logo\/image\/"},"sameAs":["https:\/\/www.facebook.com\/evolvetoweb","https:\/\/x.com\/evolvetoweb","https:\/\/www.instagram.com\/evolvetoweb\/","https:\/\/hu.pinterest.com\/evolvetoweb\/"],"description":"Evolve To Web offers comprehensive solutions in website development, maintenance, operations, SEO, analytics and web design \ud83c\udf10 Because a website opens up more possibilities than you think!","publishingPrinciples":"https:\/\/evolvetoweb.com\/"},{"@type":"Person","@id":"https:\/\/evolvetoweb.com\/#\/schema\/person\/ff1b3f0498e27ce5125ad8a994c904f5","name":"Tam\u00e1s Ol\u00e1h","image":{"@type":"ImageObject","inLanguage":"en-GB","@id":"https:\/\/secure.gravatar.com\/avatar\/e7b6cbf22cb2bfdb37dbf85e4221ea462a6f012681010e50fdfad5fa5a618b24?s=96&d=mm&r=g","url":"https:\/\/secure.gravatar.com\/avatar\/e7b6cbf22cb2bfdb37dbf85e4221ea462a6f012681010e50fdfad5fa5a618b24?s=96&d=mm&r=g","contentUrl":"https:\/\/secure.gravatar.com\/avatar\/e7b6cbf22cb2bfdb37dbf85e4221ea462a6f012681010e50fdfad5fa5a618b24?s=96&d=mm&r=g","caption":"Ol\u00e1h Tam\u00e1s"},"sameAs":["https:\/\/evolvetoweb.com"],"gender":"f\u00e9rfi","knowsLanguage":["angol","magyar"],"url":"https:\/\/evolvetoweb.com\/en\/blog\/author\/olahtamas\/"}]}},"_links":{"self":[{"href":"https:\/\/evolvetoweb.com\/en\/wp-json\/wp\/v2\/pages\/364","targetHints":{"allow":["GET"]}}],"collection":[{"href":"https:\/\/evolvetoweb.com\/en\/wp-json\/wp\/v2\/pages"}],"about":[{"href":"https:\/\/evolvetoweb.com\/en\/wp-json\/wp\/v2\/types\/page"}],"author":[{"embeddable":true,"href":"https:\/\/evolvetoweb.com\/en\/wp-json\/wp\/v2\/users\/1"}],"replies":[{"embeddable":true,"href":"https:\/\/evolvetoweb.com\/en\/wp-json\/wp\/v2\/comments?post=364"}],"version-history":[{"count":0,"href":"https:\/\/evolvetoweb.com\/en\/wp-json\/wp\/v2\/pages\/364\/revisions"}],"wp:featuredmedia":[{"embeddable":true,"href":"https:\/\/evolvetoweb.com\/en\/wp-json\/wp\/v2\/media\/4484"}],"wp:attachment":[{"href":"https:\/\/evolvetoweb.com\/en\/wp-json\/wp\/v2\/media?parent=364"}],"wp:term":[{"taxonomy":"dipi_cpt_category","embeddable":true,"href":"https:\/\/evolvetoweb.com\/en\/wp-json\/wp\/v2\/dipi_cpt_category?post=364"}],"curies":[{"name":"wp","href":"https:\/\/api.w.org\/{rel}","templated":true}]}}